{"id":5532,"date":"2024-09-16T19:19:59","date_gmt":"2024-09-16T19:19:59","guid":{"rendered":"https:\/\/cangladiador.cat\/?page_id=5532"},"modified":"2024-09-16T19:40:45","modified_gmt":"2024-09-16T19:40:45","slug":"terminos-y-condiciones","status":"publish","type":"page","link":"https:\/\/cangladiador.cat\/es\/terminos-y-condiciones\/","title":{"rendered":"T\u00e9rminos y condiciones"},"content":{"rendered":"\t\t<div data-elementor-type=\"wp-page\" data-elementor-id=\"5532\" class=\"elementor elementor-5532\" data-elementor-post-type=\"page\">\n\t\t\t\t\t\t<section class=\"elementor-section elementor-top-section elementor-element elementor-element-b6734ba elementor-section-boxed elementor-section-height-default elementor-section-height-default\" data-id=\"b6734ba\" data-element_type=\"section\" data-e-type=\"section\">\n\t\t\t\t\t\t<div class=\"elementor-container elementor-column-gap-default\">\n\t\t\t\t\t<div class=\"elementor-column elementor-col-100 elementor-top-column elementor-element elementor-element-2911d90\" data-id=\"2911d90\" data-element_type=\"column\" data-e-type=\"column\">\n\t\t\t<div class=\"elementor-widget-wrap elementor-element-populated\">\n\t\t\t\t\t\t<div class=\"elementor-element elementor-element-3c10bb4 elementor-widget elementor-widget-heading\" data-id=\"3c10bb4\" data-element_type=\"widget\" data-e-type=\"widget\" data-widget_type=\"heading.default\">\n\t\t\t\t\t<h1 class=\"elementor-heading-title elementor-size-default\">T\u00e9rminos y condiciones<\/h1>\t\t\t\t<\/div>\n\t\t\t\t<div class=\"elementor-element elementor-element-f99c4bd elementor-widget elementor-widget-text-editor\" data-id=\"f99c4bd\" data-element_type=\"widget\" data-e-type=\"widget\" data-widget_type=\"text-editor.default\">\n\t\t\t\t\t\t\t\t\t<h2>INTRODUCCI\u00d3N<\/h2><p>Bienvenidos a cangladiador.cat. Al acceder a nuestro sitio web y utilizar nuestros servicios, aceptas los presentes T\u00e9rminos y Condiciones. Si no est\u00e1s de acuerdo con alguno de los t\u00e9rminos aqu\u00ed indicados, te pedimos que no utilices este sitio web.<\/p><h2>INFORMACI\u00d3N LEGAL<\/h2><p>&#8211; Persona titular de esta web: Sergi Gladiador I Vicente<br \/>&#8211; Domicilio: Torrent del Pont de la Vila S\/N, Matar\u00f3<br \/>&#8211; Tel\u00e9fono: 653278392<br \/>&#8211; Correo electr\u00f3nico: cangladiador@gmail.com<\/p><h2>PRODUCTOS<\/h2><p>Cangladiador.cat ofrece productos de proximidad como frutas, verduras, y legumbres, con especial atenci\u00f3n a la calidad y frescura. Los productos son suministrados a las comarcas de Barcelona, Matar\u00f3 y \u00e1reas cercanas.<\/p><p>\u00a0<\/p><h3>Disponibilidad<\/h3><p>La disponibilidad de los productos depende de la temporada y de la disponibilidad de los productores locales. Nos reservamos el derecho de modificar o discontinuar productos en cualquier momento sin previo aviso.<\/p><h2>PRECIOS Y M\u00c9TODOS DE PAGO<\/h2><h3>Precios<\/h3><p>Los precios de nuestros productos est\u00e1n indicados en euros (\u20ac) e incluyen el IVA. Cangladiador.cat se reserva el derecho de modificar los precios en cualquier momento, aunque garantizamos que los precios aplicados ser\u00e1n los indicados en el momento de la confirmaci\u00f3n del pedido.<\/p><p>\u00a0<\/p><h3>M\u00e9todos de pago<\/h3><p>Aceptamos los siguientes m\u00e9todos de pago:<\/p><ul><li>Bizum<\/li><li>Transferencia bancaria<\/li><li>Tarjeta bancaria<\/li><li>Efectivo<\/li><\/ul><h2>ENTREGAS Y ENV\u00cdOS<\/h2><p>Realizamos entregas en las comarcas de Barcelona, Maresme y Vall\u00e8s. Los plazos de entrega var\u00edan seg\u00fan la disponibilidad del producto y la zona de entrega, pero normalmente se efect\u00faan los martes, mi\u00e9rcoles y algunos jueves. Los pedidos se entregan en la direcci\u00f3n que el cliente haya indicado durante el proceso de compra.<\/p><p>\u00a0<\/p><h3>Costes de env\u00edo<\/h3><p>Los gastos de env\u00edo ser\u00e1n calculados y mostrados en el proceso de compra antes de que confirmes el pedido.\u00a0<\/p><h2>DEVOLUCIONES Y REEMBOLSOS<\/h2><p>Dado que trabajamos con productos frescos, no aceptamos devoluciones a menos que el producto llegue en mal estado o incorrecto. En tal caso, deber\u00e1s contactar con nosotros dentro de las 24 horas siguientes a la recepci\u00f3n del pedido para gestionar la devoluci\u00f3n o el reembolso.<\/p><h2>POL\u00cdTICA DE CANCELACI\u00d3N<\/h2><p>Puedes cancelar tu pedido siempre que se realice antes de la preparaci\u00f3n y env\u00edo del mismo. Para realizar la cancelaci\u00f3n, ponte en contacto con nosotros a trav\u00e9s de [inserta m\u00e9todo de contacto].<\/p><h2>RESPONSABILIDAD<\/h2><p>Nos comprometemos a garantizar la calidad y frescura de nuestros productos. Sin embargo, no nos hacemos responsables por retrasos o fallos en la entrega debidos a causas fuera de nuestro control, como condiciones clim\u00e1ticas adversas o problemas log\u00edsticos imprevistos.<\/p><h2>PROTECCI\u00d3N DE DATOS<\/h2><p>En Cangladiador.cat, nos tomamos muy en serio la protecci\u00f3n de tu informaci\u00f3n personal. Consulta nuestra Pol\u00edtica de Privacidad para obtener m\u00e1s detalles sobre c\u00f3mo manejamos y protegemos tus datos.<\/p><h2>MODIFICACI\u00d3N DE T\u00c9RMINOS<\/h2><p>Nos reservamos el derecho de modificar estos T\u00e9rminos y Condiciones en cualquier momento. Cualquier cambio se publicar\u00e1 en esta p\u00e1gina, y el uso continuo del sitio web despu\u00e9s de la publicaci\u00f3n de los cambios implicar\u00e1 la aceptaci\u00f3n de los nuevos t\u00e9rminos.<\/p><h2>LEGISLACI\u00d3N APLICABLE<\/h2><p>Estos T\u00e9rminos y Condiciones se regir\u00e1n e interpretar\u00e1n de acuerdo con la legislaci\u00f3n espa\u00f1ola.\u00a0<\/p><p>\u00a0<\/p><p><em>\u00daltima actualizaci\u00f3n: 16 de septiembre<\/em><\/p>\t\t\t\t\t\t\t\t<\/div>\n\t\t\t\t\t<\/div>\n\t\t<\/div>\n\t\t\t\t\t<\/div>\n\t\t<\/section>\n\t\t\t\t<\/div>\n\t\t","protected":false},"excerpt":{"rendered":"<p>T\u00e9rminos y condiciones INTRODUCCI\u00d3N Bienvenidos a cangladiador.cat. Al acceder a nuestro sitio web y utilizar nuestros servicios, aceptas los presentes T\u00e9rminos y Condiciones. Si no est\u00e1s de acuerdo con alguno de los t\u00e9rminos aqu\u00ed indicados, te pedimos que no utilices este sitio web. INFORMACI\u00d3N LEGAL &#8211; Persona titular de esta web: Sergi Gladiador I Vicente&#8211; [&hellip;]<\/p>\n","protected":false},"author":3,"featured_media":0,"parent":0,"menu_order":0,"comment_status":"closed","ping_status":"closed","template":"","meta":{"site-sidebar-layout":"no-sidebar","site-content-layout":"page-builder","ast-site-content-layout":"full-width-container","site-content-style":"default","site-sidebar-style":"default","ast-global-header-display":"","ast-banner-title-visibility":"","ast-main-header-display":"","ast-hfb-above-header-display":"","ast-hfb-below-header-display":"","ast-hfb-mobile-header-display":"","site-post-title":"disabled","ast-breadcrumbs-content":"","ast-featured-img":"disabled","footer-sml-layout":"","theme-transparent-header-meta":"","adv-header-id-meta":"","stick-header-meta":"","header-above-stick-meta":"","header-main-stick-meta":"","header-below-stick-meta":"","astra-migrate-meta-layouts":"set","ast-page-background-enabled":"default","ast-page-background-meta":{"desktop":{"background-color":"var(--ast-global-color-4)","background-image":"","background-repeat":"repeat","background-position":"center center","background-size":"auto","background-attachment":"scroll","background-type":"","background-media":"","overlay-type":"","overlay-color":"","overlay-opacity":"","overlay-gradient":""},"tablet":{"background-color":"","background-image":"","background-repeat":"repeat","background-position":"center center","background-size":"auto","background-attachment":"scroll","background-type":"","background-media":"","overlay-type":"","overlay-color":"","overlay-opacity":"","overlay-gradient":""},"mobile":{"background-color":"","background-image":"","background-repeat":"repeat","background-position":"center center","background-size":"auto","background-attachment":"scroll","background-type":"","background-media":"","overlay-type":"","overlay-color":"","overlay-opacity":"","overlay-gradient":""}},"ast-content-background-meta":{"desktop":{"background-color":"var(--ast-global-color-5)","background-image":"","background-repeat":"repeat","background-position":"center center","background-size":"auto","background-attachment":"scroll","background-type":"","background-media":"","overlay-type":"","overlay-color":"","overlay-opacity":"","overlay-gradient":""},"tablet":{"background-color":"var(--ast-global-color-5)","background-image":"","background-repeat":"repeat","background-position":"center center","background-size":"auto","background-attachment":"scroll","background-type":"","background-media":"","overlay-type":"","overlay-color":"","overlay-opacity":"","overlay-gradient":""},"mobile":{"background-color":"var(--ast-global-color-5)","background-image":"","background-repeat":"repeat","background-position":"center center","background-size":"auto","background-attachment":"scroll","background-type":"","background-media":"","overlay-type":"","overlay-color":"","overlay-opacity":"","overlay-gradient":""}},"footnotes":""},"class_list":["post-5532","page","type-page","status-publish","hentry"],"yoast_head":"<!-- This site is optimized with the Yoast SEO plugin v27.4 - https:\/\/yoast.com\/product\/yoast-seo-wordpress\/ -->\n<title>T\u00e9rminos y condiciones - Can Gladiador<\/title>\n<meta name=\"robots\" content=\"index, follow, max-snippet:-1, max-image-preview:large, max-video-preview:-1\" \/>\n<link rel=\"canonical\" href=\"https:\/\/cangladiador.cat\/terminos-y-condiciones\/\" \/>\n<meta property=\"og:locale\" content=\"es_ES\" \/>\n<meta property=\"og:type\" content=\"article\" \/>\n<meta property=\"og:title\" content=\"T\u00e9rminos y condiciones - Can Gladiador\" \/>\n<meta property=\"og:description\" content=\"T\u00e9rminos y condiciones INTRODUCCI\u00d3N Bienvenidos a cangladiador.cat. Al acceder a nuestro sitio web y utilizar nuestros servicios, aceptas los presentes T\u00e9rminos y Condiciones. Si no est\u00e1s de acuerdo con alguno de los t\u00e9rminos aqu\u00ed indicados, te pedimos que no utilices este sitio web. INFORMACI\u00d3N LEGAL &#8211; Persona titular de esta web: Sergi Gladiador I Vicente&#8211; [&hellip;]\" \/>\n<meta property=\"og:url\" content=\"https:\/\/cangladiador.cat\/terminos-y-condiciones\/\" \/>\n<meta property=\"og:site_name\" content=\"Can Gladiador\" \/>\n<meta property=\"article:publisher\" content=\"https:\/\/www.facebook.com\/cangladiador\/\" \/>\n<meta property=\"article:modified_time\" content=\"2024-09-16T19:40:45+00:00\" \/>\n<meta name=\"twitter:card\" content=\"summary_large_image\" \/>\n<meta name=\"twitter:label1\" content=\"Tiempo de lectura\" \/>\n\t<meta name=\"twitter:data1\" content=\"3 minutos\" \/>\n<script type=\"application\/ld+json\" class=\"yoast-schema-graph\">{\"@context\":\"https:\\\/\\\/schema.org\",\"@graph\":[{\"@type\":\"WebPage\",\"@id\":\"https:\\\/\\\/cangladiador.cat\\\/terminos-y-condiciones\\\/\",\"url\":\"https:\\\/\\\/cangladiador.cat\\\/terminos-y-condiciones\\\/\",\"name\":\"T\u00e9rminos y condiciones - Can Gladiador\",\"isPartOf\":{\"@id\":\"https:\\\/\\\/cangladiador.cat\\\/#website\"},\"datePublished\":\"2024-09-16T19:19:59+00:00\",\"dateModified\":\"2024-09-16T19:40:45+00:00\",\"breadcrumb\":{\"@id\":\"https:\\\/\\\/cangladiador.cat\\\/terminos-y-condiciones\\\/#breadcrumb\"},\"inLanguage\":\"es\",\"potentialAction\":[{\"@type\":\"ReadAction\",\"target\":[\"https:\\\/\\\/cangladiador.cat\\\/terminos-y-condiciones\\\/\"]}]},{\"@type\":\"BreadcrumbList\",\"@id\":\"https:\\\/\\\/cangladiador.cat\\\/terminos-y-condiciones\\\/#breadcrumb\",\"itemListElement\":[{\"@type\":\"ListItem\",\"position\":1,\"name\":\"Portada\",\"item\":\"https:\\\/\\\/cangladiador.cat\\\/\"},{\"@type\":\"ListItem\",\"position\":2,\"name\":\"T\u00e9rminos y condiciones\"}]},{\"@type\":\"WebSite\",\"@id\":\"https:\\\/\\\/cangladiador.cat\\\/#website\",\"url\":\"https:\\\/\\\/cangladiador.cat\\\/\",\"name\":\"Can Gladiador\",\"description\":\"Frutas y verduras de proximidad a domicilio\",\"publisher\":{\"@id\":\"https:\\\/\\\/cangladiador.cat\\\/#organization\"},\"potentialAction\":[{\"@type\":\"SearchAction\",\"target\":{\"@type\":\"EntryPoint\",\"urlTemplate\":\"https:\\\/\\\/cangladiador.cat\\\/?s={search_term_string}\"},\"query-input\":{\"@type\":\"PropertyValueSpecification\",\"valueRequired\":true,\"valueName\":\"search_term_string\"}}],\"inLanguage\":\"es\"},{\"@type\":\"Organization\",\"@id\":\"https:\\\/\\\/cangladiador.cat\\\/#organization\",\"name\":\"Can Gladiador\",\"url\":\"https:\\\/\\\/cangladiador.cat\\\/\",\"logo\":{\"@type\":\"ImageObject\",\"inLanguage\":\"es\",\"@id\":\"https:\\\/\\\/cangladiador.cat\\\/#\\\/schema\\\/logo\\\/image\\\/\",\"url\":\"https:\\\/\\\/cangladiador.site\\\/wp-content\\\/uploads\\\/2024\\\/03\\\/Can-Gladiador-Vectorizado-nuevo-e1712944374754.png\",\"contentUrl\":\"https:\\\/\\\/cangladiador.site\\\/wp-content\\\/uploads\\\/2024\\\/03\\\/Can-Gladiador-Vectorizado-nuevo-e1712944374754.png\",\"width\":400,\"height\":212,\"caption\":\"Can Gladiador\"},\"image\":{\"@id\":\"https:\\\/\\\/cangladiador.cat\\\/#\\\/schema\\\/logo\\\/image\\\/\"},\"sameAs\":[\"https:\\\/\\\/www.facebook.com\\\/cangladiador\\\/\",\"http:\\\/\\\/instagram.com\\\/cangladiador\\\/\"]}]}<\/script>\n<!-- \/ Yoast SEO plugin. -->","yoast_head_json":{"title":"T\u00e9rminos y condiciones - Can Gladiador","robots":{"index":"index","follow":"follow","max-snippet":"max-snippet:-1","max-image-preview":"max-image-preview:large","max-video-preview":"max-video-preview:-1"},"canonical":"https:\/\/cangladiador.cat\/terminos-y-condiciones\/","og_locale":"es_ES","og_type":"article","og_title":"T\u00e9rminos y condiciones - Can Gladiador","og_description":"T\u00e9rminos y condiciones INTRODUCCI\u00d3N Bienvenidos a cangladiador.cat. Al acceder a nuestro sitio web y utilizar nuestros servicios, aceptas los presentes T\u00e9rminos y Condiciones. Si no est\u00e1s de acuerdo con alguno de los t\u00e9rminos aqu\u00ed indicados, te pedimos que no utilices este sitio web. INFORMACI\u00d3N LEGAL &#8211; Persona titular de esta web: Sergi Gladiador I Vicente&#8211; [&hellip;]","og_url":"https:\/\/cangladiador.cat\/terminos-y-condiciones\/","og_site_name":"Can Gladiador","article_publisher":"https:\/\/www.facebook.com\/cangladiador\/","article_modified_time":"2024-09-16T19:40:45+00:00","twitter_card":"summary_large_image","twitter_misc":{"Tiempo de lectura":"3 minutos"},"schema":{"@context":"https:\/\/schema.org","@graph":[{"@type":"WebPage","@id":"https:\/\/cangladiador.cat\/terminos-y-condiciones\/","url":"https:\/\/cangladiador.cat\/terminos-y-condiciones\/","name":"T\u00e9rminos y condiciones - Can Gladiador","isPartOf":{"@id":"https:\/\/cangladiador.cat\/#website"},"datePublished":"2024-09-16T19:19:59+00:00","dateModified":"2024-09-16T19:40:45+00:00","breadcrumb":{"@id":"https:\/\/cangladiador.cat\/terminos-y-condiciones\/#breadcrumb"},"inLanguage":"es","potentialAction":[{"@type":"ReadAction","target":["https:\/\/cangladiador.cat\/terminos-y-condiciones\/"]}]},{"@type":"BreadcrumbList","@id":"https:\/\/cangladiador.cat\/terminos-y-condiciones\/#breadcrumb","itemListElement":[{"@type":"ListItem","position":1,"name":"Portada","item":"https:\/\/cangladiador.cat\/"},{"@type":"ListItem","position":2,"name":"T\u00e9rminos y condiciones"}]},{"@type":"WebSite","@id":"https:\/\/cangladiador.cat\/#website","url":"https:\/\/cangladiador.cat\/","name":"Can Gladiador","description":"Frutas y verduras de proximidad a domicilio","publisher":{"@id":"https:\/\/cangladiador.cat\/#organization"},"potentialAction":[{"@type":"SearchAction","target":{"@type":"EntryPoint","urlTemplate":"https:\/\/cangladiador.cat\/?s={search_term_string}"},"query-input":{"@type":"PropertyValueSpecification","valueRequired":true,"valueName":"search_term_string"}}],"inLanguage":"es"},{"@type":"Organization","@id":"https:\/\/cangladiador.cat\/#organization","name":"Can Gladiador","url":"https:\/\/cangladiador.cat\/","logo":{"@type":"ImageObject","inLanguage":"es","@id":"https:\/\/cangladiador.cat\/#\/schema\/logo\/image\/","url":"https:\/\/cangladiador.site\/wp-content\/uploads\/2024\/03\/Can-Gladiador-Vectorizado-nuevo-e1712944374754.png","contentUrl":"https:\/\/cangladiador.site\/wp-content\/uploads\/2024\/03\/Can-Gladiador-Vectorizado-nuevo-e1712944374754.png","width":400,"height":212,"caption":"Can Gladiador"},"image":{"@id":"https:\/\/cangladiador.cat\/#\/schema\/logo\/image\/"},"sameAs":["https:\/\/www.facebook.com\/cangladiador\/","http:\/\/instagram.com\/cangladiador\/"]}]}},"_links":{"self":[{"href":"https:\/\/cangladiador.cat\/es\/wp-json\/wp\/v2\/pages\/5532","targetHints":{"allow":["GET"]}}],"collection":[{"href":"https:\/\/cangladiador.cat\/es\/wp-json\/wp\/v2\/pages"}],"about":[{"href":"https:\/\/cangladiador.cat\/es\/wp-json\/wp\/v2\/types\/page"}],"author":[{"embeddable":true,"href":"https:\/\/cangladiador.cat\/es\/wp-json\/wp\/v2\/users\/3"}],"replies":[{"embeddable":true,"href":"https:\/\/cangladiador.cat\/es\/wp-json\/wp\/v2\/comments?post=5532"}],"version-history":[{"count":0,"href":"https:\/\/cangladiador.cat\/es\/wp-json\/wp\/v2\/pages\/5532\/revisions"}],"wp:attachment":[{"href":"https:\/\/cangladiador.cat\/es\/wp-json\/wp\/v2\/media?parent=5532"}],"curies":[{"name":"wp","href":"https:\/\/api.w.org\/{rel}","templated":true}]}}