{"id":1904,"date":"2023-12-12T11:47:48","date_gmt":"2023-12-12T11:47:48","guid":{"rendered":"https:\/\/cangladiador.cat\/my-account\/"},"modified":"2025-10-24T08:35:49","modified_gmt":"2025-10-24T08:35:49","slug":"mi-cuenta","status":"publish","type":"page","link":"https:\/\/cangladiador.cat\/es\/mi-cuenta\/","title":{"rendered":"Mi cuenta"},"content":{"rendered":"\t\t<div data-elementor-type=\"wp-page\" data-elementor-id=\"1904\" class=\"elementor elementor-1904\" data-elementor-post-type=\"page\">\n\t\t\t\t\t\t<section class=\"elementor-section elementor-top-section elementor-element elementor-element-5f44a730 elementor-section-boxed elementor-section-height-default elementor-section-height-default\" data-id=\"5f44a730\" data-element_type=\"section\" data-e-type=\"section\">\n\t\t\t\t\t\t<div class=\"elementor-container elementor-column-gap-default\">\n\t\t\t\t\t<div class=\"elementor-column elementor-col-100 elementor-top-column elementor-element elementor-element-b01f54d\" data-id=\"b01f54d\" data-element_type=\"column\" data-e-type=\"column\">\n\t\t\t<div class=\"elementor-widget-wrap elementor-element-populated\">\n\t\t\t\t\t\t<div class=\"elementor-element elementor-element-b9ac83a elementor-widget elementor-widget-heading\" data-id=\"b9ac83a\" data-element_type=\"widget\" data-e-type=\"widget\" data-widget_type=\"heading.default\">\n\t\t\t\t\t<h1 class=\"elementor-heading-title elementor-size-default\">Mi cuenta<\/h1>\t\t\t\t<\/div>\n\t\t\t\t<div class=\"elementor-element elementor-element-ba3beaf e-my-account-tabs-vertical elementor-widget elementor-widget-woocommerce-my-account\" data-id=\"ba3beaf\" data-element_type=\"widget\" data-e-type=\"widget\" data-widget_type=\"woocommerce-my-account.default\">\n\t\t\t\t\t<div class=\"e-my-account-tab e-my-account-tab__ \">\t\t\t<div class=\"woocommerce\"><\/div>\t\t<\/div>\n\t\t\t\t\t\t<\/div>\n\t\t\t\t\t<\/div>\n\t\t<\/div>\n\t\t\t\t\t<\/div>\n\t\t<\/section>\n\t\t\t\t<\/div>\n\t\t","protected":false},"excerpt":{"rendered":"<p>Mi cuenta Escritorio Pedidos Descargas Direcciones Detalles de la cuenta Cerrar sesi\u00f3n Hola Cangladiador (\u00bfno eres Cangladiador? Cerrar sesi\u00f3n) Desde el escritorio de tu cuenta puedes ver tus pedidos recientes, gestionar tus direcciones de env\u00edo y facturaci\u00f3n y editar tu contrase\u00f1a y los detalles de tu cuenta.<\/p>\n","protected":false},"author":3,"featured_media":0,"parent":0,"menu_order":0,"comment_status":"closed","ping_status":"closed","template":"","meta":{"site-sidebar-layout":"default","site-content-layout":"","ast-site-content-layout":"default","site-content-style":"default","site-sidebar-style":"default","ast-global-header-display":"","ast-banner-title-visibility":"","ast-main-header-display":"","ast-hfb-above-header-display":"","ast-hfb-below-header-display":"","ast-hfb-mobile-header-display":"","site-post-title":"","ast-breadcrumbs-content":"","ast-featured-img":"","footer-sml-layout":"","theme-transparent-header-meta":"","adv-header-id-meta":"","stick-header-meta":"","header-above-stick-meta":"","header-main-stick-meta":"","header-below-stick-meta":"","astra-migrate-meta-layouts":"set","ast-page-background-enabled":"default","ast-page-background-meta":{"desktop":{"background-color":"var(--ast-global-color-4)","background-image":"","background-repeat":"repeat","background-position":"center center","background-size":"auto","background-attachment":"scroll","background-type":"","background-media":"","overlay-type":"","overlay-color":"","overlay-opacity":"","overlay-gradient":""},"tablet":{"background-color":"","background-image":"","background-repeat":"repeat","background-position":"center center","background-size":"auto","background-attachment":"scroll","background-type":"","background-media":"","overlay-type":"","overlay-color":"","overlay-opacity":"","overlay-gradient":""},"mobile":{"background-color":"","background-image":"","background-repeat":"repeat","background-position":"center center","background-size":"auto","background-attachment":"scroll","background-type":"","background-media":"","overlay-type":"","overlay-color":"","overlay-opacity":"","overlay-gradient":""}},"ast-content-background-meta":{"desktop":{"background-color":"var(--ast-global-color-5)","background-image":"","background-repeat":"repeat","background-position":"center center","background-size":"auto","background-attachment":"scroll","background-type":"","background-media":"","overlay-type":"","overlay-color":"","overlay-opacity":"","overlay-gradient":""},"tablet":{"background-color":"var(--ast-global-color-5)","background-image":"","background-repeat":"repeat","background-position":"center center","background-size":"auto","background-attachment":"scroll","background-type":"","background-media":"","overlay-type":"","overlay-color":"","overlay-opacity":"","overlay-gradient":""},"mobile":{"background-color":"var(--ast-global-color-5)","background-image":"","background-repeat":"repeat","background-position":"center center","background-size":"auto","background-attachment":"scroll","background-type":"","background-media":"","overlay-type":"","overlay-color":"","overlay-opacity":"","overlay-gradient":""}},"footnotes":""},"class_list":["post-1904","page","type-page","status-publish","hentry"],"yoast_head":"<!-- This site is optimized with the Yoast SEO plugin v27.4 - https:\/\/yoast.com\/product\/yoast-seo-wordpress\/ -->\n<title>Mi cuenta - Can Gladiador<\/title>\n<meta name=\"robots\" content=\"index, follow, max-snippet:-1, max-image-preview:large, max-video-preview:-1\" \/>\n<link rel=\"canonical\" href=\"https:\/\/cangladiador.cat\/mi-cuenta\/\" \/>\n<meta property=\"og:locale\" content=\"es_ES\" \/>\n<meta property=\"og:type\" content=\"article\" \/>\n<meta property=\"og:title\" content=\"Mi cuenta - Can Gladiador\" \/>\n<meta property=\"og:description\" content=\"Mi cuenta Escritorio Pedidos Descargas Direcciones Detalles de la cuenta Cerrar sesi\u00f3n Hola Cangladiador (\u00bfno eres Cangladiador? Cerrar sesi\u00f3n) Desde el escritorio de tu cuenta puedes ver tus pedidos recientes, gestionar tus direcciones de env\u00edo y facturaci\u00f3n y editar tu contrase\u00f1a y los detalles de tu cuenta.\" \/>\n<meta property=\"og:url\" content=\"https:\/\/cangladiador.cat\/mi-cuenta\/\" \/>\n<meta property=\"og:site_name\" content=\"Can Gladiador\" \/>\n<meta property=\"article:publisher\" content=\"https:\/\/www.facebook.com\/cangladiador\/\" \/>\n<meta property=\"article:modified_time\" content=\"2025-10-24T08:35:49+00:00\" \/>\n<meta name=\"twitter:card\" content=\"summary_large_image\" \/>\n<meta name=\"twitter:label1\" content=\"Tiempo de lectura\" \/>\n\t<meta name=\"twitter:data1\" content=\"1 minuto\" \/>\n<script type=\"application\/ld+json\" class=\"yoast-schema-graph\">{\"@context\":\"https:\\\/\\\/schema.org\",\"@graph\":[{\"@type\":\"WebPage\",\"@id\":\"https:\\\/\\\/cangladiador.cat\\\/mi-cuenta\\\/\",\"url\":\"https:\\\/\\\/cangladiador.cat\\\/mi-cuenta\\\/\",\"name\":\"Mi cuenta - Can Gladiador\",\"isPartOf\":{\"@id\":\"https:\\\/\\\/cangladiador.cat\\\/#website\"},\"datePublished\":\"2023-12-12T11:47:48+00:00\",\"dateModified\":\"2025-10-24T08:35:49+00:00\",\"breadcrumb\":{\"@id\":\"https:\\\/\\\/cangladiador.cat\\\/mi-cuenta\\\/#breadcrumb\"},\"inLanguage\":\"es\",\"potentialAction\":[{\"@type\":\"ReadAction\",\"target\":[\"https:\\\/\\\/cangladiador.cat\\\/mi-cuenta\\\/\"]}]},{\"@type\":\"BreadcrumbList\",\"@id\":\"https:\\\/\\\/cangladiador.cat\\\/mi-cuenta\\\/#breadcrumb\",\"itemListElement\":[{\"@type\":\"ListItem\",\"position\":1,\"name\":\"Portada\",\"item\":\"https:\\\/\\\/cangladiador.cat\\\/\"},{\"@type\":\"ListItem\",\"position\":2,\"name\":\"Mi cuenta\"}]},{\"@type\":\"WebSite\",\"@id\":\"https:\\\/\\\/cangladiador.cat\\\/#website\",\"url\":\"https:\\\/\\\/cangladiador.cat\\\/\",\"name\":\"Can Gladiador\",\"description\":\"Frutas y verduras de proximidad a domicilio\",\"publisher\":{\"@id\":\"https:\\\/\\\/cangladiador.cat\\\/#organization\"},\"potentialAction\":[{\"@type\":\"SearchAction\",\"target\":{\"@type\":\"EntryPoint\",\"urlTemplate\":\"https:\\\/\\\/cangladiador.cat\\\/?s={search_term_string}\"},\"query-input\":{\"@type\":\"PropertyValueSpecification\",\"valueRequired\":true,\"valueName\":\"search_term_string\"}}],\"inLanguage\":\"es\"},{\"@type\":\"Organization\",\"@id\":\"https:\\\/\\\/cangladiador.cat\\\/#organization\",\"name\":\"Can Gladiador\",\"url\":\"https:\\\/\\\/cangladiador.cat\\\/\",\"logo\":{\"@type\":\"ImageObject\",\"inLanguage\":\"es\",\"@id\":\"https:\\\/\\\/cangladiador.cat\\\/#\\\/schema\\\/logo\\\/image\\\/\",\"url\":\"https:\\\/\\\/cangladiador.site\\\/wp-content\\\/uploads\\\/2024\\\/03\\\/Can-Gladiador-Vectorizado-nuevo-e1712944374754.png\",\"contentUrl\":\"https:\\\/\\\/cangladiador.site\\\/wp-content\\\/uploads\\\/2024\\\/03\\\/Can-Gladiador-Vectorizado-nuevo-e1712944374754.png\",\"width\":400,\"height\":212,\"caption\":\"Can Gladiador\"},\"image\":{\"@id\":\"https:\\\/\\\/cangladiador.cat\\\/#\\\/schema\\\/logo\\\/image\\\/\"},\"sameAs\":[\"https:\\\/\\\/www.facebook.com\\\/cangladiador\\\/\",\"http:\\\/\\\/instagram.com\\\/cangladiador\\\/\"]}]}<\/script>\n<!-- \/ Yoast SEO plugin. -->","yoast_head_json":{"title":"Mi cuenta - Can Gladiador","robots":{"index":"index","follow":"follow","max-snippet":"max-snippet:-1","max-image-preview":"max-image-preview:large","max-video-preview":"max-video-preview:-1"},"canonical":"https:\/\/cangladiador.cat\/mi-cuenta\/","og_locale":"es_ES","og_type":"article","og_title":"Mi cuenta - Can Gladiador","og_description":"Mi cuenta Escritorio Pedidos Descargas Direcciones Detalles de la cuenta Cerrar sesi\u00f3n Hola Cangladiador (\u00bfno eres Cangladiador? Cerrar sesi\u00f3n) Desde el escritorio de tu cuenta puedes ver tus pedidos recientes, gestionar tus direcciones de env\u00edo y facturaci\u00f3n y editar tu contrase\u00f1a y los detalles de tu cuenta.","og_url":"https:\/\/cangladiador.cat\/mi-cuenta\/","og_site_name":"Can Gladiador","article_publisher":"https:\/\/www.facebook.com\/cangladiador\/","article_modified_time":"2025-10-24T08:35:49+00:00","twitter_card":"summary_large_image","twitter_misc":{"Tiempo de lectura":"1 minuto"},"schema":{"@context":"https:\/\/schema.org","@graph":[{"@type":"WebPage","@id":"https:\/\/cangladiador.cat\/mi-cuenta\/","url":"https:\/\/cangladiador.cat\/mi-cuenta\/","name":"Mi cuenta - Can Gladiador","isPartOf":{"@id":"https:\/\/cangladiador.cat\/#website"},"datePublished":"2023-12-12T11:47:48+00:00","dateModified":"2025-10-24T08:35:49+00:00","breadcrumb":{"@id":"https:\/\/cangladiador.cat\/mi-cuenta\/#breadcrumb"},"inLanguage":"es","potentialAction":[{"@type":"ReadAction","target":["https:\/\/cangladiador.cat\/mi-cuenta\/"]}]},{"@type":"BreadcrumbList","@id":"https:\/\/cangladiador.cat\/mi-cuenta\/#breadcrumb","itemListElement":[{"@type":"ListItem","position":1,"name":"Portada","item":"https:\/\/cangladiador.cat\/"},{"@type":"ListItem","position":2,"name":"Mi cuenta"}]},{"@type":"WebSite","@id":"https:\/\/cangladiador.cat\/#website","url":"https:\/\/cangladiador.cat\/","name":"Can Gladiador","description":"Frutas y verduras de proximidad a domicilio","publisher":{"@id":"https:\/\/cangladiador.cat\/#organization"},"potentialAction":[{"@type":"SearchAction","target":{"@type":"EntryPoint","urlTemplate":"https:\/\/cangladiador.cat\/?s={search_term_string}"},"query-input":{"@type":"PropertyValueSpecification","valueRequired":true,"valueName":"search_term_string"}}],"inLanguage":"es"},{"@type":"Organization","@id":"https:\/\/cangladiador.cat\/#organization","name":"Can Gladiador","url":"https:\/\/cangladiador.cat\/","logo":{"@type":"ImageObject","inLanguage":"es","@id":"https:\/\/cangladiador.cat\/#\/schema\/logo\/image\/","url":"https:\/\/cangladiador.site\/wp-content\/uploads\/2024\/03\/Can-Gladiador-Vectorizado-nuevo-e1712944374754.png","contentUrl":"https:\/\/cangladiador.site\/wp-content\/uploads\/2024\/03\/Can-Gladiador-Vectorizado-nuevo-e1712944374754.png","width":400,"height":212,"caption":"Can Gladiador"},"image":{"@id":"https:\/\/cangladiador.cat\/#\/schema\/logo\/image\/"},"sameAs":["https:\/\/www.facebook.com\/cangladiador\/","http:\/\/instagram.com\/cangladiador\/"]}]}},"_links":{"self":[{"href":"https:\/\/cangladiador.cat\/es\/wp-json\/wp\/v2\/pages\/1904","targetHints":{"allow":["GET"]}}],"collection":[{"href":"https:\/\/cangladiador.cat\/es\/wp-json\/wp\/v2\/pages"}],"about":[{"href":"https:\/\/cangladiador.cat\/es\/wp-json\/wp\/v2\/types\/page"}],"author":[{"embeddable":true,"href":"https:\/\/cangladiador.cat\/es\/wp-json\/wp\/v2\/users\/3"}],"replies":[{"embeddable":true,"href":"https:\/\/cangladiador.cat\/es\/wp-json\/wp\/v2\/comments?post=1904"}],"version-history":[{"count":1,"href":"https:\/\/cangladiador.cat\/es\/wp-json\/wp\/v2\/pages\/1904\/revisions"}],"predecessor-version":[{"id":10979,"href":"https:\/\/cangladiador.cat\/es\/wp-json\/wp\/v2\/pages\/1904\/revisions\/10979"}],"wp:attachment":[{"href":"https:\/\/cangladiador.cat\/es\/wp-json\/wp\/v2\/media?parent=1904"}],"curies":[{"name":"wp","href":"https:\/\/api.w.org\/{rel}","templated":true}]}}